{"id":476,"date":"2022-12-28T17:44:28","date_gmt":"2022-12-28T16:44:28","guid":{"rendered":"https:\/\/autoecolechallenge.be\/index.php\/horaires\/"},"modified":"2023-07-11T14:15:07","modified_gmt":"2023-07-11T12:15:07","slug":"horaires","status":"publish","type":"page","link":"https:\/\/autoecolechallenge.be\/?page_id=476","title":{"rendered":"Horaires"},"content":{"rendered":"<div data-colibri-id=\"476-c1\" class=\"style-1461 style-local-476-c1 position-relative\">\n  <!---->\n  <div data-colibri-component=\"section\" data-colibri-id=\"476-c2\" id=\"horaire\" class=\"h-section h-section-global-spacing d-flex align-items-lg-center align-items-md-center align-items-center style-1462 style-local-476-c2 position-relative\">\n    <!---->\n    <!---->\n    <div class=\"h-section-grid-container h-section-boxed-container\">\n      <!---->\n      <div data-colibri-id=\"476-c3\" class=\"h-row-container gutters-row-lg-2 gutters-row-md-2 gutters-row-0 gutters-row-v-lg-2 gutters-row-v-md-2 gutters-row-v-2 style-1539 style-local-476-c3 position-relative\">\n        <!---->\n        <div class=\"h-row justify-content-lg-center justify-content-md-center justify-content-center align-items-lg-stretch align-items-md-stretch align-items-stretch gutters-col-lg-2 gutters-col-md-2 gutters-col-0 gutters-col-v-lg-2 gutters-col-v-md-2 gutters-col-v-2\">\n          <!---->\n          <div class=\"h-column h-column-container d-flex h-col-lg-auto h-col-md-auto h-col-auto style-1540-outer style-local-476-c4-outer\">\n            <div data-colibri-id=\"476-c4\" class=\"d-flex h-flex-basis h-column__inner h-px-lg-2 h-px-md-2 h-px-2 v-inner-lg-2 v-inner-md-2 v-inner-2 style-1540 style-local-476-c4 position-relative\">\n              <!---->\n              <!---->\n              <div class=\"w-100 h-y-container h-column__content h-column__v-align flex-basis-100 align-self-lg-start align-self-md-start align-self-start\">\n                <!---->\n                <div data-colibri-id=\"476-c5\" class=\"h-global-transition-all h-heading style-1541 style-local-476-c5 position-relative h-element\">\n                  <!---->\n                  <div class=\"h-heading__outer style-1541 style-local-476-c5\">\n                    <!---->\n                    <!---->\n                    <h1 class=\"\">O\u00f9 et quand venir \u00e0 l&rsquo;auto-\u00e9cole ?<\/h1>\n                  <\/div>\n                <\/div>\n              <\/div>\n            <\/div>\n          <\/div>\n        <\/div>\n      <\/div>\n      <div data-colibri-id=\"476-c6\" class=\"h-row-container gutters-row-lg-2 gutters-row-md-2 gutters-row-0 gutters-row-v-lg-2 gutters-row-v-md-2 gutters-row-v-2 style-1463 style-local-476-c6 position-relative\">\n        <!---->\n        <div class=\"h-row justify-content-lg-center justify-content-md-center justify-content-center align-items-lg-stretch align-items-md-stretch align-items-stretch gutters-col-lg-2 gutters-col-md-2 gutters-col-0 gutters-col-v-lg-2 gutters-col-v-md-2 gutters-col-v-2\">\n          <!---->\n          <div class=\"h-column h-column-container d-flex h-col-lg-auto h-col-md-auto h-col-auto style-1465-outer style-local-476-c7-outer\">\n            <div data-colibri-id=\"476-c7\" class=\"d-flex h-flex-basis h-column__inner h-px-lg-2 h-px-md-2 h-px-2 v-inner-lg-2 v-inner-md-2 v-inner-2 style-1465 style-local-476-c7 position-relative\">\n              <!---->\n              <!---->\n              <div class=\"w-100 h-y-container h-column__content h-column__v-align flex-basis-100 align-self-lg-start align-self-md-start align-self-start\">\n                <!---->\n                <div data-colibri-id=\"476-c8\" class=\"style-1471 style-local-476-c8 position-relative h-element\">\n                  <!---->\n                  <div class=\"\"><div id=\"wp_osm_\" class=\"wp_osm\" style=\"width: 100%; height: 500px\" data-lon=\"6592010\" data-lat=\"479001\" data-zoom=\"16\">\r\n\r\n\t<div class=\"ol-popup\">\r\n\r\n\t    <a href=\"#\" class=\"ol-popup-closer\"><\/a>\r\n\r\n\t    <div class=\"popup-content\"><\/div>\r\n\r\n\t<\/div>\r\n\r\n\t<div class=\"marker\" data-icon=\"http:\/\/autoecolechallenge.be\/wp-content\/plugins\/wp-open-street-map\/images\/markers\/marker.png\" data-lon=\"478914\" data-lat=\"6592160\" data-name=\"Auto-\u00e9cole Challenge\" data-description=\"\"><\/div><div class=\"marker\" data-icon=\"http:\/\/autoecolechallenge.be\/wp-content\/plugins\/wp-open-street-map\/images\/markers\/bus.png\" data-lon=\"479141\" data-lat=\"6592080\" data-name=\"M\u00e9tro Saint Guidon\" data-description=\"\"><\/div>\r\n<\/div><\/div>\n                <\/div>\n              <\/div>\n            <\/div>\n          <\/div>\n          <div class=\"h-column h-column-container d-flex h-col-lg-auto h-col-md-auto h-col-auto style-1467-outer style-local-476-c9-outer\">\n            <div data-colibri-id=\"476-c9\" class=\"d-flex h-flex-basis h-column__inner h-px-lg-2 h-px-md-2 h-px-2 v-inner-lg-2 v-inner-md-2 v-inner-2 style-1467 style-local-476-c9 position-relative\">\n              <!---->\n              <!---->\n              <div class=\"w-100 h-y-container h-column__content h-column__v-align flex-basis-100 align-self-lg-start align-self-md-start align-self-start\">\n                <!---->\n                <div data-colibri-id=\"476-c10\" class=\"h-global-transition-all h-heading style-1469 style-local-476-c10 position-relative h-element\">\n                  <!---->\n                  <div class=\"h-heading__outer style-1469 style-local-476-c10\">\n                    <!---->\n                    <!---->\n                    <h3 class=\"\">Horaires<\/h3>\n                  <\/div>\n                <\/div>\n                <div data-colibri-id=\"476-c11\" class=\"h-text h-text-component style-1487 style-local-476-c11 position-relative h-element\">\n                  <!---->\n                  <!---->\n                  <div class=\"\">\n                    <p>Nous vous accueillons :&nbsp;<\/p>\n                    <p>Du lundi au jeudi de 9h30 \u00e0 17h00<\/p>\n                    <p>Et le vendredi de 9h30 \u00e0 15h00<\/p>\n                    <p>Le samedi nous sommes joignables uniquement par GSM au +32 487 19 49 52.<\/p>\n                    <p>\n                      <br>\n                    <\/p>\n                    <p>Ferm\u00e9 le dimanche et jours f\u00e9ri\u00e9s.<\/p>\n                  <\/div>\n                <\/div>\n              <\/div>\n            <\/div>\n          <\/div>\n        <\/div>\n      <\/div>\n    <\/div>\n  <\/div>\n<\/div>","protected":false},"excerpt":{"rendered":"<p>O\u00f9 et quand venir \u00e0 l&rsquo;auto-\u00e9cole ? Horaires Nous vous accueillons :&nbsp; Du lundi au jeudi de 9h30 \u00e0 17h00 Et le vendredi de 9h30 \u00e0 15h00 Le samedi nous sommes joignables uniquement par GSM au +32 487 19 49 52. Ferm\u00e9 le dimanche et jours f\u00e9ri\u00e9s.<\/p>\n","protected":false},"author":3,"featured_media":0,"parent":0,"menu_order":0,"comment_status":"closed","ping_status":"closed","template":"page-templates\/full-width-page.php","meta":{"footnotes":""},"class_list":["post-476","page","type-page","status-publish","hentry"],"aioseo_notices":[],"_links":{"self":[{"href":"https:\/\/autoecolechallenge.be\/index.php?rest_route=\/wp\/v2\/pages\/476","targetHints":{"allow":["GET"]}}],"collection":[{"href":"https:\/\/autoecolechallenge.be\/index.php?rest_route=\/wp\/v2\/pages"}],"about":[{"href":"https:\/\/autoecolechallenge.be\/index.php?rest_route=\/wp\/v2\/types\/page"}],"author":[{"embeddable":true,"href":"https:\/\/autoecolechallenge.be\/index.php?rest_route=\/wp\/v2\/users\/3"}],"replies":[{"embeddable":true,"href":"https:\/\/autoecolechallenge.be\/index.php?rest_route=%2Fwp%2Fv2%2Fcomments&post=476"}],"version-history":[{"count":10,"href":"https:\/\/autoecolechallenge.be\/index.php?rest_route=\/wp\/v2\/pages\/476\/revisions"}],"predecessor-version":[{"id":839,"href":"https:\/\/autoecolechallenge.be\/index.php?rest_route=\/wp\/v2\/pages\/476\/revisions\/839"}],"wp:attachment":[{"href":"https:\/\/autoecolechallenge.be\/index.php?rest_route=%2Fwp%2Fv2%2Fmedia&parent=476"}],"curies":[{"name":"wp","href":"https:\/\/api.w.org\/{rel}","templated":true}]}}